{"id":95,"date":"2025-10-18T19:04:31","date_gmt":"2025-10-18T19:04:31","guid":{"rendered":"https:\/\/silvermereag.online\/fr\/?page_id=95"},"modified":"2026-02-12T08:48:35","modified_gmt":"2026-02-12T08:48:35","slug":"notre-entreprise","status":"publish","type":"page","link":"https:\/\/silvermereag.com\/fr\/notre-entreprise\/","title":{"rendered":"Notre Entreprise"},"content":{"rendered":"\n<div class=\"wp-block-cover alignfull image-zoom-effect scroll-fade-in\" style=\"padding-top:120px;padding-right:1.5rem;padding-bottom:120px;padding-left:1.5rem;min-height:500px;aspect-ratio:unset;\"><img loading=\"lazy\" decoding=\"async\" width=\"2560\" height=\"889\" class=\"wp-block-cover__image-background wp-image-1844 size-full\" alt=\"Paysage alpin suisse avec montagnes enneig\u00e9es, ciel bleu \u00e9clatant et vaches paissant dans une prairie verdoyante.\" src=\"https:\/\/silvermereag.com\/fr\/wp-content\/uploads\/sites\/3\/2025\/12\/About-Us-Hero.jpg\" data-object-fit=\"cover\" srcset=\"https:\/\/silvermereag.com\/fr\/wp-content\/uploads\/sites\/3\/2025\/12\/About-Us-Hero.jpg 2560w, https:\/\/silvermereag.com\/fr\/wp-content\/uploads\/sites\/3\/2025\/12\/About-Us-Hero-300x104.jpg 300w, https:\/\/silvermereag.com\/fr\/wp-content\/uploads\/sites\/3\/2025\/12\/About-Us-Hero-1024x356.jpg 1024w, https:\/\/silvermereag.com\/fr\/wp-content\/uploads\/sites\/3\/2025\/12\/About-Us-Hero-768x267.jpg 768w, https:\/\/silvermereag.com\/fr\/wp-content\/uploads\/sites\/3\/2025\/12\/About-Us-Hero-1536x533.jpg 1536w, https:\/\/silvermereag.com\/fr\/wp-content\/uploads\/sites\/3\/2025\/12\/About-Us-Hero-2048x711.jpg 2048w\" sizes=\"auto, (max-width: 2560px) 100vw, 2560px\" \/><span aria-hidden=\"true\" class=\"wp-block-cover__background has-background-dim-0 has-background-dim\"><\/span><div class=\"wp-block-cover__inner-container is-layout-constrained wp-container-core-cover-is-layout-2757af74 wp-block-cover-is-layout-constrained\">\n<div class=\"wp-block-group is-horizontal is-content-justification-left is-nowrap is-layout-flex wp-container-core-group-is-layout-e5fbeb3a wp-block-group-is-layout-flex\">\n<figure class=\"wp-block-image size-full animate-fade-in scroll-fade-up wp-container-content-759e20a8\" style=\"margin-top:-100px\"><img decoding=\"async\" src=\"https:\/\/silvermereag.com\/fr\/wp-content\/uploads\/sites\/3\/2025\/12\/quotes.svg\" alt=\"\" class=\"wp-image-1135\" \/><\/figure>\n\n\n\n<h1 class=\"wp-block-heading animate-fade-in-bottom animate-fade-in scroll-fade-up\">Investir avec vision. <br>B\u00e2tir un avenir durable.<\/h1>\n<\/div>\n<\/div><\/div>\n\n\n\n<div style=\"--spacer-height: 100px;\" class=\"wp-block-silvermere-custom-spacer is-responsive wp-block-silvermere-custom-spacer\" aria-hidden=\"true\"><\/div>\n\n\n\n\n<div class=\"wp-block-group is-layout-constrained wp-container-core-group-is-layout-8f20d81d wp-block-group-is-layout-constrained\" style=\"padding-right:var(--wp--preset--spacing--50);padding-left:var(--wp--preset--spacing--50)\">\n<h2 class=\"wp-block-heading animate-fade-in scroll-fade-up\">Qui sommes-nous ?<\/h2>\n\n\n\n<div class=\"wp-block-columns is-layout-flex wp-container-core-columns-is-layout-28f84493 wp-block-columns-is-layout-flex\">\n<div class=\"wp-block-column is-layout-flow wp-block-column-is-layout-flow\">\n<p class=\"animate-fade-in scroll-fade-up\"><strong>Silvermere AG est une soci\u00e9t\u00e9 suisse priv\u00e9e sp\u00e9cialis\u00e9e dans les investissements immobiliers de qualit\u00e9 sur le march\u00e9 europ\u00e9en.<\/strong><br>Nous identifions des opportunit\u00e9s d\u2019exception cr\u00e9atrices de valeur durable \u2014 pour les investisseurs \u00e0 la recherche de performance et les locataires en qu\u00eate de confiance. <br>Notre approche repose sur la transparence, l\u2019int\u00e9grit\u00e9 et une communication claire.<\/p>\n<\/div>\n\n\n\n<div class=\"wp-block-column is-layout-flow wp-block-column-is-layout-flow\">\n<p class=\"animate-fade-in scroll-fade-up\">Chez Silvermere, nous croyons que la clart\u00e9 inspire la confiance. Nous nous engageons \u00e0 rendre chaque \u00e9tape du parcours d\u2019investissement ou de location compr\u00e9hensible, honn\u00eate et coh\u00e9rente.<br>Notre vision est \u00e0 long terme : nous privil\u00e9gions la durabilit\u00e9, la qualit\u00e9 et la r\u00e9silience face aux gains \u00e0 court terme. Notre ambition : fa\u00e7onner l\u2019avenir de l\u2019immobilier en Europe gr\u00e2ce \u00e0 des strat\u00e9gies r\u00e9fl\u00e9chies et une valeur p\u00e9renne.<\/p>\n<\/div>\n<\/div>\n\n\n\n<div style=\"--spacer-height: 26px;\" class=\"wp-block-silvermere-custom-spacer is-responsive wp-block-silvermere-custom-spacer\" aria-hidden=\"true\"><\/div>\n\n\n\n\n<figure class=\"wp-block-image size-full has-custom-border animate-fade-in scroll-fade-up\"><img loading=\"lazy\" decoding=\"async\" width=\"2560\" height=\"1829\" src=\"https:\/\/silvermereag.com\/fr\/wp-content\/uploads\/sites\/3\/2026\/01\/Silvermere-Team--scaled.jpg\" alt=\"L'\u00e9quipe de Silvermere devant Centre Manor Sierr\" class=\"wp-image-1903\" style=\"border-top-left-radius:16px;border-top-right-radius:16px;border-bottom-left-radius:16px;border-bottom-right-radius:16px\" srcset=\"https:\/\/silvermereag.com\/fr\/wp-content\/uploads\/sites\/3\/2026\/01\/Silvermere-Team--scaled.jpg 2560w, https:\/\/silvermereag.com\/fr\/wp-content\/uploads\/sites\/3\/2026\/01\/Silvermere-Team--300x214.jpg 300w, https:\/\/silvermereag.com\/fr\/wp-content\/uploads\/sites\/3\/2026\/01\/Silvermere-Team--1024x731.jpg 1024w, https:\/\/silvermereag.com\/fr\/wp-content\/uploads\/sites\/3\/2026\/01\/Silvermere-Team--768x549.jpg 768w, https:\/\/silvermereag.com\/fr\/wp-content\/uploads\/sites\/3\/2026\/01\/Silvermere-Team--1536x1097.jpg 1536w, https:\/\/silvermereag.com\/fr\/wp-content\/uploads\/sites\/3\/2026\/01\/Silvermere-Team--2048x1463.jpg 2048w\" sizes=\"auto, (max-width: 2560px) 100vw, 2560px\" \/><figcaption class=\"wp-element-caption\">Silvermere Team<\/figcaption><\/figure>\n\n\n\n<div style=\"--spacer-height: 52px;\" class=\"wp-block-silvermere-custom-spacer is-responsive wp-block-silvermere-custom-spacer\" aria-hidden=\"true\"><\/div>\n\n\n\n\n<div class=\"wp-block-columns is-layout-flex wp-container-core-columns-is-layout-28f84493 wp-block-columns-is-layout-flex\">\n<div class=\"wp-block-column is-layout-flow wp-block-column-is-layout-flow\">\n<figure class=\"wp-block-image size-full has-custom-border animate-fade-in scroll-fade-up\"><img loading=\"lazy\" decoding=\"async\" width=\"747\" height=\"490\" src=\"https:\/\/silvermereag.com\/fr\/wp-content\/uploads\/sites\/3\/2025\/12\/Mooi-Rivier-Mall-1.jpg\" alt=\"Mooi Rivier Mall\" class=\"wp-image-1872\" style=\"border-top-left-radius:16px;border-top-right-radius:16px;border-bottom-left-radius:16px;border-bottom-right-radius:16px;aspect-ratio:1;object-fit:cover\" srcset=\"https:\/\/silvermereag.com\/fr\/wp-content\/uploads\/sites\/3\/2025\/12\/Mooi-Rivier-Mall-1.jpg 747w, https:\/\/silvermereag.com\/fr\/wp-content\/uploads\/sites\/3\/2025\/12\/Mooi-Rivier-Mall-1-300x197.jpg 300w\" sizes=\"auto, (max-width: 747px) 100vw, 747px\" \/><\/figure>\n<\/div>\n\n\n\n<div class=\"wp-block-column is-layout-flow wp-block-column-is-layout-flow\">\n<h2 class=\"wp-block-heading animate-fade-in scroll-fade-up\">Alliance avec Abacus et ancrage allemand<\/h2>\n\n\n\n<p class=\"animate-fade-in scroll-fade-up\">Silvermere AG collabore avec des partenaires de confiance tels <strong>qu\u2019Abacus<\/strong> et s\u2019appuie sur une \u00e9quipe interne exp\u00e9riment\u00e9e, sp\u00e9cialis\u00e9e dans l\u2019investissement immobilier, la gestion d\u2019actifs et la finance. Ces partenariats, combin\u00e9s \u00e0 notre expertise interne, nous permettent d\u2019identifier et de tirer parti d\u2019opportunit\u00e9s d\u2019investissement rentables.<\/p>\n\n\n\n<p class=\"animate-fade-in scroll-fade-up\" style=\"margin-bottom:var(--wp--preset--spacing--60)\">Nos op\u00e9rations pass\u00e9es en <strong>Allemagne<\/strong> ont fortement contribu\u00e9 \u00e0 notre d\u00e9veloppement. Aujourd\u2019hui, ces collaborations \u00e9prouv\u00e9es, alli\u00e9es \u00e0 notre savoir-faire, nous offrent un avantage strat\u00e9gique sur des march\u00e9s europ\u00e9ens soigneusement s\u00e9lectionn\u00e9s.<\/p>\n\n\n\n<div class=\"wp-block-buttons is-layout-flex wp-block-buttons-is-layout-flex\">\n<div class=\"wp-block-button is-style-outline animate-fade-in scroll-fade-up is-style-outline--1\"><a class=\"wp-block-button__link wp-element-button\" href=\"https:\/\/silvermereag.com\/fr\/portefeuille-international\/\">Apprenez-en plus<\/a><\/div>\n<\/div>\n<\/div>\n<\/div>\n\n\n\n<div style=\"--spacer-height: 76px;\" class=\"wp-block-silvermere-custom-spacer is-responsive wp-block-silvermere-custom-spacer\" aria-hidden=\"true\"><\/div>\n\n\n\n\n<div class=\"wp-block-columns reverse-on-mobile is-layout-flex wp-container-core-columns-is-layout-28f84493 wp-block-columns-is-layout-flex\">\n<div class=\"wp-block-column is-layout-flow wp-block-column-is-layout-flow\">\n<p class=\"animate-fade-in scroll-fade-up\">Silvermere est une v\u00e9ritable entreprise familiale \u2014 aujourd\u2019hui dirig\u00e9e avec fiert\u00e9 par la deuxi\u00e8me g\u00e9n\u00e9ration, port\u00e9e par la passion, une vision claire et un esprit structur\u00e9.<\/p>\n<\/div>\n\n\n\n<div class=\"wp-block-column is-layout-flow wp-block-column-is-layout-flow\">\n<h2 class=\"wp-block-heading animate-fade-in scroll-fade-up\">Petit d\u00e9tail qui en dit long<\/h2>\n<\/div>\n<\/div>\n\n\n\n<div style=\"--spacer-height: 76px;\" class=\"wp-block-silvermere-custom-spacer is-responsive wp-block-silvermere-custom-spacer\" aria-hidden=\"true\"><\/div>\n\n\n\n\n<div class=\"wp-block-columns is-layout-flex wp-container-core-columns-is-layout-28f84493 wp-block-columns-is-layout-flex\">\n<div class=\"wp-block-column animate-fade-in scroll-fade-up is-layout-flow wp-block-column-is-layout-flow\">\n<h2 class=\"wp-block-heading has-text-align-right\">L\u2019origine du nom<br>Silvermere<\/h2>\n<\/div>\n\n\n\n<div class=\"wp-block-column is-layout-flow wp-block-column-is-layout-flow\">\n<p class=\"animate-fade-in scroll-fade-up\">Le nom Silvermere est une combinaison r\u00e9fl\u00e9chie de deux \u00e9l\u00e9ments significatifs <strong>en langue anglaise<\/strong>, \u00e0 la fois dans leur sens et leur tonalit\u00e9 visuelle.<\/p>\n\n\n\n<p class=\"animate-fade-in scroll-fade-up\"><strong>SILVER<\/strong> \u2013 Un m\u00e9tal blanc-gris brillant, \u00e9voquant la couleur et l\u2019\u00e9clat des paysages suisses.<br><strong>MERE<\/strong>&nbsp;&#8211; Une \u00e9tendue d\u2019eau calme, pure et limpide, \u00e0 l\u2019image des grands lacs suisses.<\/p>\n\n\n\n<p class=\"animate-fade-in scroll-fade-up\">Ces r\u00e9f\u00e9rences inspirent les valeurs que nous cultivons au sein de notre \u00e9quipe. Nous cherchons \u00e0 refl\u00e9ter le vrai sens de <em>Silvermere<\/em> : une s\u00e9r\u00e9nit\u00e9 digne des lacs suisses, une vision aussi haute que les montagnes helv\u00e9tiques, et une profondeur de caract\u00e8re qui s\u2019\u00e9tend bien au-del\u00e0 de la surface.<\/p>\n<\/div>\n<\/div>\n\n\n\n<div style=\"--spacer-height: 50px;\" class=\"wp-block-silvermere-custom-spacer is-responsive wp-block-silvermere-custom-spacer\" aria-hidden=\"true\"><\/div>\n\n\n\n\n<h2 class=\"wp-block-heading animate-fade-in scroll-fade-up\" style=\"margin-bottom:40px\">Nos valeurs fondamentales<\/h2>\n\n\n\n<div class=\"wp-block-columns is-layout-flex wp-container-core-columns-is-layout-f0342b05 wp-block-columns-is-layout-flex\" style=\"margin-top:0;margin-bottom:0\">\n<div class=\"wp-block-column is-layout-flow wp-block-column-is-layout-flow\">\n<p class=\"animate-fade-in scroll-fade-up\">Au-del\u00e0 de sa vision strat\u00e9gique du march\u00e9 et de la fiabilit\u00e9 propre \u00e0 son ancrage suisse, <strong>Silvermere AG se distingue par la clart\u00e9, l\u2019honn\u00eatet\u00e9, la prise de d\u00e9cision r\u00e9fl\u00e9chie et la confiance durable. <\/strong>Ces valeurs guident chacune de nos actions \u2014 de l\u2019analyse des opportunit\u00e9s \u00e0 la communication avec nos partenaires et parties prenantes.<\/p>\n\n\n\n<p class=\"animate-fade-in scroll-fade-up\">En tant qu\u2019entreprise priv\u00e9e, Silvermere agit avec <strong>agilit\u00e9<\/strong> et <strong>transparence<\/strong>, saisissant les opportunit\u00e9s du march\u00e9 et s\u2019adaptant rapidement aux \u00e9volutions \u00e9conomiques, l\u00e0 o\u00f9 les grandes structures institutionnelles sont souvent contraintes par la lenteur d\u00e9cisionnelle.<\/p>\n<\/div>\n\n\n\n<div class=\"wp-block-column is-layout-flow wp-block-column-is-layout-flow\">\n<p class=\"animate-fade-in scroll-fade-up\">Cette flexibilit\u00e9 s\u2019accompagne d\u2019une strat\u00e9gie claire et coh\u00e9rente, centr\u00e9e sur la cr\u00e9ation de valeur \u00e0 long terme plut\u00f4t que sur les gains imm\u00e9diats.<\/p>\n\n\n\n<p class=\"animate-fade-in scroll-fade-up\">Nous accordons \u00e9galement une grande importance \u00e0 la croissance fond\u00e9e sur <strong>les relations humaines<\/strong>. Chez Silvermere, la confiance n\u2019est pas une simple intention \u2014 c\u2019est une r\u00e9alit\u00e9 quotidienne. Nous construisons des partenariats solides et durables avec les promoteurs locaux, les autorit\u00e9s municipales et les institutions financi\u00e8res. Ces relations reposent sur le respect mutuel, une communication transparente et une vision commune du succ\u00e8s durable.<\/p>\n<\/div>\n<\/div>\n\n\n\n<div style=\"--spacer-height: 30px;\" class=\"wp-block-silvermere-custom-spacer is-responsive wp-block-silvermere-custom-spacer\" aria-hidden=\"true\"><\/div>\n\n\n\n\n<h2 class=\"wp-block-heading animate-fade-in scroll-fade-up\" style=\"margin-bottom:40px\">Les atouts Silvermere<\/h2>\n\n\n\n<section class=\"advantages-block wp-block-silvermere-advantages\">\n  <div class=\"advantages-block__container\">\n          <div class=\"advantages-block__items\">\n                  <div class=\"advantages-block__item scroll-fade-up\">\n                          <div class=\"advantages-block__icon\">\n                <img decoding=\"async\" src=\"https:\/\/silvermereag.com\/fr\/wp-content\/uploads\/sites\/3\/2025\/11\/chess-piece.svg\" class=\"attachment-full size-full\" alt=\"\" \/>              <\/div>\n            \n                          <h6 class=\"advantages-block__item-title\">\n                Un regard strat\u00e9gique sur l\u2019Europe              <\/h6>\n            \n                          <div class=\"advantages-block__item-text\">\n                <p>Silvermere rep\u00e8re des biens \u00e0 fort potentiel dans des endroits cl\u00e9s \u00e0 travers l\u2019Europe \u2014 gr\u00e2ce \u00e0 une connaissance pointue des march\u00e9s locaux, pour garantir des rendements performants et ma\u00eetris\u00e9s.<\/p>\n              <\/div>\n                      <\/div>\n                  <div class=\"advantages-block__item scroll-fade-up\">\n                          <div class=\"advantages-block__icon\">\n                <img decoding=\"async\" src=\"https:\/\/silvermereag.com\/fr\/wp-content\/uploads\/sites\/3\/2025\/11\/bow.svg\" class=\"attachment-full size-full\" alt=\"\" \/>              <\/div>\n            \n                          <h6 class=\"advantages-block__item-title\">\n                Agilit\u00e9 plut\u00f4t que bureaucratie              <\/h6>\n            \n                          <div class=\"advantages-block__item-text\">\n                <p>En tant qu\u2019entreprise priv\u00e9e et ind\u00e9pendante, nous agissons avec rapidit\u00e9 et d\u00e9termination \u2014 en saisissant les opportunit\u00e9s tout en maintenant une rigueur exemplaire dans l\u2019analyse et la s\u00e9lection.<\/p>\n              <\/div>\n                      <\/div>\n                  <div class=\"advantages-block__item scroll-fade-up\">\n                          <div class=\"advantages-block__icon\">\n                <img decoding=\"async\" src=\"https:\/\/silvermereag.com\/fr\/wp-content\/uploads\/sites\/3\/2025\/11\/money-flow.svg\" class=\"attachment-full size-full\" alt=\"\" \/>              <\/div>\n            \n                          <h6 class=\"advantages-block__item-title\">\n                Une expertise int\u00e9gr\u00e9e en investissement              <\/h6>\n            \n                          <div class=\"advantages-block__item-text\">\n                <p>De l\u2019acquisition au d\u00e9veloppement, en passant par la gestion d\u2019actifs et la location, Silvermere propose des solutions immobili\u00e8res compl\u00e8tes port\u00e9es par une \u00e9quipe hautement exp\u00e9riment\u00e9e.<\/p>\n              <\/div>\n                      <\/div>\n              <\/div>\n      <\/div>\n<\/section>\n\n\n\n<div style=\"--spacer-height: 48px;\" class=\"wp-block-silvermere-custom-spacer wp-block-silvermere-custom-spacer\" aria-hidden=\"true\"><\/div>\n\n<\/div>\n\n\n\n<div class=\"wp-block-group is-layout-constrained wp-container-core-group-is-layout-3d1eaa83 wp-block-group-is-layout-constrained\" style=\"padding-right:var(--wp--preset--spacing--50);padding-left:var(--wp--preset--spacing--50)\">\n<h2 class=\"wp-block-heading has-text-align-center animate-fade-in scroll-fade-up\" style=\"margin-bottom:var(--wp--preset--spacing--60)\">Br\u00e8ve pr\u00e9sentation vid\u00e9o<\/h2>\n\n\n\n<figure class=\"wp-block-video animate-fade-in scroll-fade-up\"><video height=\"1080\" style=\"aspect-ratio: 1920 \/ 1080;\" width=\"1920\" autoplay controls loop muted src=\"https:\/\/silvermereag.com\/fr\/wp-content\/uploads\/sites\/3\/2025\/12\/IMG_6423-1.mp4\"><\/video><\/figure>\n<\/div>\n\n\n\n<div style=\"height:100px\" aria-hidden=\"true\" class=\"wp-block-spacer\"><\/div>\n\n\n\n<div class=\"wp-block-cover alignfull has-custom-content-position is-position-bottom-center image-zoom-effect scroll-fade-in\" style=\"margin-top:0;margin-bottom:0;padding-top:var(--wp--preset--spacing--110);padding-right:var(--wp--preset--spacing--50);padding-bottom:var(--wp--preset--spacing--110);padding-left:var(--wp--preset--spacing--50)\"><img loading=\"lazy\" decoding=\"async\" width=\"1024\" height=\"391\" class=\"wp-block-cover__image-background wp-image-1842 size-large\" alt=\"Deux professionnels se serrant la main pour sceller un accord de partenariat.\" src=\"https:\/\/silvermereag.com\/fr\/wp-content\/uploads\/sites\/3\/2025\/12\/work-together-1024x391.jpg\" data-object-fit=\"cover\" srcset=\"https:\/\/silvermereag.com\/fr\/wp-content\/uploads\/sites\/3\/2025\/12\/work-together-1024x391.jpg 1024w, https:\/\/silvermereag.com\/fr\/wp-content\/uploads\/sites\/3\/2025\/12\/work-together-300x115.jpg 300w, https:\/\/silvermereag.com\/fr\/wp-content\/uploads\/sites\/3\/2025\/12\/work-together-768x293.jpg 768w, https:\/\/silvermereag.com\/fr\/wp-content\/uploads\/sites\/3\/2025\/12\/work-together.jpg 1440w\" sizes=\"auto, (max-width: 1024px) 100vw, 1024px\" \/><span aria-hidden=\"true\" class=\"wp-block-cover__background has-background-dim-20 has-background-dim\"><\/span><div class=\"wp-block-cover__inner-container is-layout-constrained wp-container-core-cover-is-layout-61535d29 wp-block-cover-is-layout-constrained\">\n<h2 class=\"wp-block-heading animate-fade-in scroll-fade-up\" style=\"margin-bottom:var(--wp--preset--spacing--40)\">Construisons ensemble<\/h2>\n\n\n\n<div class=\"wp-block-group is-content-justification-left is-layout-constrained wp-container-core-group-is-layout-d5209ea4 wp-block-group-is-layout-constrained\">\n<p class=\"animate-fade-in has-white-color has-text-color has-link-color scroll-fade-up wp-elements-0f3d38ae72ca5fda06e3cf58a4b2522a\" style=\"margin-top:0;margin-bottom:var(--wp--preset--spacing--60)\">D\u00e9couvrez la force d\u2019un partenariat avec Silvermere \u2014 une soci\u00e9t\u00e9 d\u2019investissement suisse de confiance, engag\u00e9e \u00e0 fa\u00e7onner l\u2019avenir de l\u2019immobilier en Europe gr\u00e2ce \u00e0 une vision strat\u00e9gique, des relations solides et un objectif commun de cr\u00e9ation de valeur durable.<\/p>\n\n\n\n<div class=\"wp-block-buttons is-layout-flex wp-block-buttons-is-layout-flex\">\n<div class=\"wp-block-button is-style-fill animate-fade-in scroll-fade-up is-style-fill--2\"><a class=\"wp-block-button__link wp-element-button\" href=\"https:\/\/silvermereag.com\/fr\/contact\/\">Contactez-nous<\/a><\/div>\n<\/div>\n<\/div>\n<\/div><\/div>\n","protected":false},"excerpt":{"rendered":"<p>Qui sommes-nous ? Silvermere AG est une soci\u00e9t\u00e9 suisse priv\u00e9e sp\u00e9cialis\u00e9e dans les investissements immobiliers de qualit\u00e9 sur le march\u00e9 europ\u00e9en.Nous identifions des opportunit\u00e9s d\u2019exception cr\u00e9atrices de valeur durable \u2014 pour les investisseurs \u00e0 la recherche de performance et les locataires en qu\u00eate de confiance. Notre approche repose sur la transparence, l\u2019int\u00e9grit\u00e9 et une communication [&hellip;]<\/p>\n","protected":false},"author":1,"featured_media":0,"parent":0,"menu_order":0,"comment_status":"closed","ping_status":"closed","template":"page-templates\/template-clean.php","meta":{"footnotes":""},"class_list":["post-95","page","type-page","status-publish","hentry"],"_links":{"self":[{"href":"https:\/\/silvermereag.com\/fr\/wp-json\/wp\/v2\/pages\/95","targetHints":{"allow":["GET"]}}],"collection":[{"href":"https:\/\/silvermereag.com\/fr\/wp-json\/wp\/v2\/pages"}],"about":[{"href":"https:\/\/silvermereag.com\/fr\/wp-json\/wp\/v2\/types\/page"}],"author":[{"embeddable":true,"href":"https:\/\/silvermereag.com\/fr\/wp-json\/wp\/v2\/users\/1"}],"replies":[{"embeddable":true,"href":"https:\/\/silvermereag.com\/fr\/wp-json\/wp\/v2\/comments?post=95"}],"version-history":[{"count":215,"href":"https:\/\/silvermereag.com\/fr\/wp-json\/wp\/v2\/pages\/95\/revisions"}],"predecessor-version":[{"id":1930,"href":"https:\/\/silvermereag.com\/fr\/wp-json\/wp\/v2\/pages\/95\/revisions\/1930"}],"wp:attachment":[{"href":"https:\/\/silvermereag.com\/fr\/wp-json\/wp\/v2\/media?parent=95"}],"curies":[{"name":"wp","href":"https:\/\/api.w.org\/{rel}","templated":true}]}}