{"id":95,"date":"2025-10-18T19:04:31","date_gmt":"2025-10-18T19:04:31","guid":{"rendered":"https:\/\/silvermereag.online\/de\/?page_id=95"},"modified":"2026-01-23T14:33:10","modified_gmt":"2026-01-23T14:33:10","slug":"uber-uns","status":"publish","type":"page","link":"https:\/\/silvermereag.com\/de\/uber-uns\/","title":{"rendered":"\u00dcber uns"},"content":{"rendered":"\n<div class=\"wp-block-cover alignfull image-zoom-effect scroll-fade-in\" style=\"padding-top:120px;padding-right:1.5rem;padding-bottom:120px;padding-left:1.5rem;min-height:500px;aspect-ratio:unset;\"><img loading=\"lazy\" decoding=\"async\" width=\"2560\" height=\"889\" class=\"wp-block-cover__image-background wp-image-1859 size-full\" alt=\"Schweizer Alpenlandschaft mit schneebedeckten Bergen, strahlend blauem Himmel und grasenden K\u00fchen auf einer gr\u00fcnen Wiese.\" src=\"https:\/\/silvermereag.com\/de\/wp-content\/uploads\/sites\/2\/2025\/12\/About-Us-Hero.jpg\" data-object-fit=\"cover\" srcset=\"https:\/\/silvermereag.com\/de\/wp-content\/uploads\/sites\/2\/2025\/12\/About-Us-Hero.jpg 2560w, https:\/\/silvermereag.com\/de\/wp-content\/uploads\/sites\/2\/2025\/12\/About-Us-Hero-300x104.jpg 300w, https:\/\/silvermereag.com\/de\/wp-content\/uploads\/sites\/2\/2025\/12\/About-Us-Hero-1024x356.jpg 1024w, https:\/\/silvermereag.com\/de\/wp-content\/uploads\/sites\/2\/2025\/12\/About-Us-Hero-768x267.jpg 768w, https:\/\/silvermereag.com\/de\/wp-content\/uploads\/sites\/2\/2025\/12\/About-Us-Hero-1536x533.jpg 1536w, https:\/\/silvermereag.com\/de\/wp-content\/uploads\/sites\/2\/2025\/12\/About-Us-Hero-2048x711.jpg 2048w\" sizes=\"auto, (max-width: 2560px) 100vw, 2560px\" \/><span aria-hidden=\"true\" class=\"wp-block-cover__background has-background-dim-0 has-background-dim\"><\/span><div class=\"wp-block-cover__inner-container is-layout-constrained wp-container-core-cover-is-layout-2757af74 wp-block-cover-is-layout-constrained\">\n<div class=\"wp-block-group is-horizontal is-content-justification-left is-nowrap is-layout-flex wp-container-core-group-is-layout-e5fbeb3a wp-block-group-is-layout-flex\">\n<figure class=\"wp-block-image size-full animate-fade-in scroll-fade-up wp-container-content-759e20a8\" style=\"margin-top:-100px\"><img decoding=\"async\" src=\"https:\/\/silvermereag.com\/de\/wp-content\/uploads\/sites\/2\/2025\/12\/quotes.svg\" alt=\"\" class=\"wp-image-1135\" \/><\/figure>\n\n\n\n<h1 class=\"wp-block-heading animate-fade-in-bottom animate-fade-in scroll-fade-up\">Investieren in Werte.<br>Die Zukunft gestalten.<\/h1>\n<\/div>\n<\/div><\/div>\n\n\n\n<div style=\"--spacer-height: 100px;\" class=\"wp-block-silvermere-custom-spacer is-responsive wp-block-silvermere-custom-spacer\" aria-hidden=\"true\"><\/div>\n\n\n\n\n<div class=\"wp-block-group is-layout-constrained wp-container-core-group-is-layout-8f20d81d wp-block-group-is-layout-constrained\" style=\"padding-right:var(--wp--preset--spacing--50);padding-left:var(--wp--preset--spacing--50)\">\n<h2 class=\"wp-block-heading animate-fade-in scroll-fade-up\">Ihr Vertrauen, unsere Verantwortung.<\/h2>\n\n\n\n<div class=\"wp-block-columns is-layout-flex wp-container-core-columns-is-layout-28f84493 wp-block-columns-is-layout-flex\">\n<div class=\"wp-block-column is-layout-flow wp-block-column-is-layout-flow\">\n<p class=\"animate-fade-in scroll-fade-up\"><strong>Die Silvermere AG ist ein unabh\u00e4ngiges Schweizer Unternehmen mit Fokus auf ausgew\u00e4hlte Immobilieninvestitionen im europ\u00e4ischen Markt.<\/strong><br>Unser Anspruch ist es, au\u00dfergew\u00f6hnliche Immobilienchancen zu erkennen, die langfristigen Wert schaffen \u2013 f\u00fcr Investoren, die auf Performance setzen, und f\u00fcr Mieter, die Stabilit\u00e4t und Vertrauen suchen. Unsere Arbeit basiert auf Transparenz, Integrit\u00e4t und einer klaren, verl\u00e4sslichen Kommunikation.<\/p>\n<\/div>\n\n\n\n<div class=\"wp-block-column is-layout-flow wp-block-column-is-layout-flow\">\n<p class=\"animate-fade-in scroll-fade-up\">Wir bei der Silvermere AG sind \u00fcberzeugt: Klarheit schafft Vertrauen.<br>Deshalb gestalten wir jeden Schritt im Investitions- und Vermietungsprozess offen, ehrlich und zielgerichtet. Unser Handeln ist von einer langfristigen Perspektive gepr\u00e4gt \u2013 wir setzen auf Nachhaltigkeit, Qualit\u00e4t und Widerstandsf\u00e4higkeit anstelle kurzfristiger Gewinne. Unser Ziel ist es, den europ\u00e4ischen Immobilienmarkt aktiv mitzugestalten \u2013 mit durchdachten Strategien, verl\u00e4sslichen Werten und nachhaltigem Impact.<\/p>\n<\/div>\n<\/div>\n\n\n\n<div style=\"--spacer-height: 26px;\" class=\"wp-block-silvermere-custom-spacer is-responsive wp-block-silvermere-custom-spacer\" aria-hidden=\"true\"><\/div>\n\n\n\n\n<figure class=\"wp-block-image size-full has-custom-border animate-fade-in scroll-fade-up\"><img loading=\"lazy\" decoding=\"async\" width=\"2560\" height=\"1829\" src=\"https:\/\/silvermereag.com\/de\/wp-content\/uploads\/sites\/2\/2026\/01\/Silvermere-Team--scaled.jpg\" alt=\"Das Team von Silvermere vor Centre Manor Sierre\" class=\"wp-image-1932\" style=\"border-top-left-radius:16px;border-top-right-radius:16px;border-bottom-left-radius:16px;border-bottom-right-radius:16px\" srcset=\"https:\/\/silvermereag.com\/de\/wp-content\/uploads\/sites\/2\/2026\/01\/Silvermere-Team--scaled.jpg 2560w, https:\/\/silvermereag.com\/de\/wp-content\/uploads\/sites\/2\/2026\/01\/Silvermere-Team--300x214.jpg 300w, https:\/\/silvermereag.com\/de\/wp-content\/uploads\/sites\/2\/2026\/01\/Silvermere-Team--1024x731.jpg 1024w, https:\/\/silvermereag.com\/de\/wp-content\/uploads\/sites\/2\/2026\/01\/Silvermere-Team--768x549.jpg 768w, https:\/\/silvermereag.com\/de\/wp-content\/uploads\/sites\/2\/2026\/01\/Silvermere-Team--1536x1097.jpg 1536w, https:\/\/silvermereag.com\/de\/wp-content\/uploads\/sites\/2\/2026\/01\/Silvermere-Team--2048x1463.jpg 2048w\" sizes=\"auto, (max-width: 2560px) 100vw, 2560px\" \/><figcaption class=\"wp-element-caption\">Silvermere Team<\/figcaption><\/figure>\n\n\n\n<div style=\"--spacer-height: 52px;\" class=\"wp-block-silvermere-custom-spacer is-responsive wp-block-silvermere-custom-spacer\" aria-hidden=\"true\"><\/div>\n\n\n\n\n<div class=\"wp-block-columns is-layout-flex wp-container-core-columns-is-layout-28f84493 wp-block-columns-is-layout-flex\">\n<div class=\"wp-block-column is-layout-flow wp-block-column-is-layout-flow\">\n<figure class=\"wp-block-image size-full has-custom-border animate-fade-in scroll-fade-up\"><img loading=\"lazy\" decoding=\"async\" width=\"747\" height=\"490\" src=\"https:\/\/silvermereag.com\/de\/wp-content\/uploads\/sites\/2\/2025\/12\/Mooi-Rivier-Mall-1.jpg\" alt=\"Mooi Rivier Mall\" class=\"wp-image-1893\" style=\"border-top-left-radius:16px;border-top-right-radius:16px;border-bottom-left-radius:16px;border-bottom-right-radius:16px;aspect-ratio:1;object-fit:cover\" srcset=\"https:\/\/silvermereag.com\/de\/wp-content\/uploads\/sites\/2\/2025\/12\/Mooi-Rivier-Mall-1.jpg 747w, https:\/\/silvermereag.com\/de\/wp-content\/uploads\/sites\/2\/2025\/12\/Mooi-Rivier-Mall-1-300x197.jpg 300w\" sizes=\"auto, (max-width: 747px) 100vw, 747px\" \/><\/figure>\n<\/div>\n\n\n\n<div class=\"wp-block-column is-layout-flow wp-block-column-is-layout-flow\">\n<h2 class=\"wp-block-heading animate-fade-in scroll-fade-up\">Abacus and German Partnership<\/h2>\n\n\n\n<p class=\"animate-fade-in scroll-fade-up\">Die Silvermere AG arbeitet mit vertrauensw\u00fcrdigen Partnern wie <strong>Abacus<\/strong> zusammen und verf\u00fcgt \u00fcber ein erfahrenes internes Team mit fundierter Expertise in den Bereichen Immobilieninvestitionen, Asset Management und Finanzen.<\/p>\n\n\n\n<p class=\"animate-fade-in scroll-fade-up\" style=\"margin-bottom:var(--wp--preset--spacing--60)\">Fr\u00fchere Engagements in <strong>Deutschland<\/strong> haben unsere Entwicklung ma\u00dfgeblich gepr\u00e4gt. Heute erm\u00f6glichen unsere bew\u00e4hrten Partnerschaften und interne Fachkompetenz die gezielte Identifikation und Nutzung profitabler Investitionschancen in ausgew\u00e4hlten europ\u00e4ischen M\u00e4rkten.<\/p>\n\n\n\n<div class=\"wp-block-buttons is-layout-flex wp-block-buttons-is-layout-flex\">\n<div class=\"wp-block-button is-style-outline animate-fade-in scroll-fade-up is-style-outline--1\"><a class=\"wp-block-button__link wp-element-button\" href=\"https:\/\/silvermereag.com\/de\/internationales-portfolio\/\">Mehr Erfahren<\/a><\/div>\n<\/div>\n<\/div>\n<\/div>\n\n\n\n<div style=\"--spacer-height: 76px;\" class=\"wp-block-silvermere-custom-spacer is-responsive wp-block-silvermere-custom-spacer\" aria-hidden=\"true\"><\/div>\n\n\n\n\n<div class=\"wp-block-columns reverse-on-mobile is-layout-flex wp-container-core-columns-is-layout-28f84493 wp-block-columns-is-layout-flex\">\n<div class=\"wp-block-column is-layout-flow wp-block-column-is-layout-flow\">\n<p class=\"animate-fade-in scroll-fade-up\">Silvermere ist ein echtes Familienunternehmen \u2013 inzwischen schon in der zweiten Generation mit Herz, Verstand und Weitblick gef\u00fchrt.<\/p>\n<\/div>\n\n\n\n<div class=\"wp-block-column is-layout-flow wp-block-column-is-layout-flow\">\n<h2 class=\"wp-block-heading animate-fade-in scroll-fade-up\">Schon gewusst?<\/h2>\n<\/div>\n<\/div>\n\n\n\n<div style=\"--spacer-height: 76px;\" class=\"wp-block-silvermere-custom-spacer is-responsive wp-block-silvermere-custom-spacer\" aria-hidden=\"true\"><\/div>\n\n\n\n\n<div class=\"wp-block-columns is-layout-flex wp-container-core-columns-is-layout-28f84493 wp-block-columns-is-layout-flex\">\n<div class=\"wp-block-column animate-fade-in scroll-fade-up is-layout-flow wp-block-column-is-layout-flow\">\n<h2 class=\"wp-block-heading has-text-align-right\">Der Ursprung von Silvermere<\/h2>\n<\/div>\n\n\n\n<div class=\"wp-block-column is-layout-flow wp-block-column-is-layout-flow\">\n<p class=\"animate-fade-in scroll-fade-up\">Der Name Silvermere vereint zwei kraftvolle Begriffe zu einer bedeutungsvollen Identit\u00e4t.<\/p>\n\n\n\n<p class=\"animate-fade-in scroll-fade-up\"><strong>SILVER<\/strong>&nbsp;&#8211; inspiriert vom silbergrauen Schimmer der Schweizer Landschaft: ein Symbol f\u00fcr Eleganz, Wertbest\u00e4ndigkeit und zeitlose Qualit\u00e4t.<br><strong>MERE<\/strong>&nbsp;&#8211; ein stilles, klares Gew\u00e4sser, wie man es in den gro\u00dfen Schweizer Seen findet: Sinnbild f\u00fcr Ruhe, Tiefe und Reinheit. Diese Elemente spiegeln nicht nur unsere Herkunft wider, sondern pr\u00e4gen auch unsere Unternehmenskultur. Wir f\u00f6rdern in unserem Team Eigenschaften wie Besonnenheit, Weitblick und innere St\u00e4rke. Werte, die der Essenz von Silvermere entsprechen.<\/p>\n\n\n\n<p class=\"animate-fade-in scroll-fade-up\">Unser Anspruch: die Ruhe und Klarheit eines Sees zu bewahren, mit einer Vision, die so weit reicht wie der Horizont der Alpen, und einer Tiefe, die weit \u00fcber das Sichtbare hinausgeht.<\/p>\n<\/div>\n<\/div>\n\n\n\n<div style=\"--spacer-height: 50px;\" class=\"wp-block-silvermere-custom-spacer is-responsive wp-block-silvermere-custom-spacer\" aria-hidden=\"true\"><\/div>\n\n\n\n\n<h2 class=\"wp-block-heading animate-fade-in scroll-fade-up\" style=\"margin-bottom:40px\">Was uns antreibt<\/h2>\n\n\n\n<div class=\"wp-block-columns is-layout-flex wp-container-core-columns-is-layout-f0342b05 wp-block-columns-is-layout-flex\" style=\"margin-top:0;margin-bottom:0\">\n<div class=\"wp-block-column is-layout-flow wp-block-column-is-layout-flow\">\n<p class=\"animate-fade-in scroll-fade-up\">Die Silvermere AG verbindet strategische Marktorientierung mit schweizerischer Verl\u00e4sslichkeit.<\/p>\n\n\n\n<p class=\"animate-fade-in scroll-fade-up\"><strong>Unser Handeln ist gepr\u00e4gt von Klarheit, Integrit\u00e4t, fundierter Entscheidungsfindung und dem Anspruch, nachhaltiges Vertrauen zu schaffen<\/strong>, sei es bei der Analyse von Investitionschancen oder im Dialog mit Partnern und Stakeholdern. Als privat gef\u00fchrtes Unternehmen agiert Silvermere mit hoher Flexibilit\u00e4t und Transparenz.<br>Wir sind in der Lage, Marktchancen rasch zu erkennen und zu nutzen ohne die Tr\u00e4gheit, die oft mit gro\u00dfen, institutionellen Strukturen einhergeht. Auf wirtschaftliche Ver\u00e4nderungen reagieren wir umsichtig, aber entschlossen. <\/p>\n<\/div>\n\n\n\n<div class=\"wp-block-column is-layout-flow wp-block-column-is-layout-flow\">\n<p class=\"animate-fade-in scroll-fade-up\">Unsere Agilit\u00e4t st\u00fctzt sich auf eine konsequent verfolgte Strategie, die auf langfristigen Wert ausgerichtet ist und nicht auf kurzfristige Renditen.<\/p>\n\n\n\n<p class=\"animate-fade-in scroll-fade-up\">Ein wesentliches Element unserer Ausrichtung ist das beziehungsorientierte Wachstum: <br>Vertrauen ist bei Silvermere keine abstrakte Vision, sondern gelebte Realit\u00e4t. <br>Wir bauen tragf\u00e4hige Partnerschaften mit lokalen Projektentwicklern, Beh\u00f6rden und Finanzinstituten auf, basierend auf gegenseitigem Respekt, offener Kommunikation und dem gemeinsamen Ziel eines nachhaltigen, stabilen Erfolgs.<\/p>\n<\/div>\n<\/div>\n\n\n\n<div style=\"--spacer-height: 30px;\" class=\"wp-block-silvermere-custom-spacer is-responsive wp-block-silvermere-custom-spacer\" aria-hidden=\"true\"><\/div>\n\n\n\n\n<h2 class=\"wp-block-heading animate-fade-in scroll-fade-up\" style=\"margin-bottom:40px\">Unsere Vorteile<\/h2>\n\n\n\n<section class=\"advantages-block wp-block-silvermere-advantages\">\n  <div class=\"advantages-block__container\">\n          <div class=\"advantages-block__items\">\n                  <div class=\"advantages-block__item scroll-fade-up\">\n                          <div class=\"advantages-block__icon\">\n                <img decoding=\"async\" src=\"https:\/\/silvermereag.com\/de\/wp-content\/uploads\/sites\/2\/2025\/11\/chess-piece.svg\" class=\"attachment-full size-full\" alt=\"\" \/>              <\/div>\n            \n                          <h6 class=\"advantages-block__item-title\">\n                Strategic European Market Focus              <\/h6>\n            \n                          <div class=\"advantages-block__item-text\">\n                <p>Die Silvermere AG konzentriert sich auf attraktive Immobilienprojekte an wichtigen europ\u00e4ischen Standorten. Dabei nutzt sie ihre fundierte regionale Expertise, um solide und risikoarme Renditen zu erzielen.<\/p>\n              <\/div>\n                      <\/div>\n                  <div class=\"advantages-block__item scroll-fade-up\">\n                          <div class=\"advantages-block__icon\">\n                <img decoding=\"async\" src=\"https:\/\/silvermereag.com\/de\/wp-content\/uploads\/sites\/2\/2025\/11\/bow.svg\" class=\"attachment-full size-full\" alt=\"\" \/>              <\/div>\n            \n                          <h6 class=\"advantages-block__item-title\">\n                Agilit\u00e4t statt B\u00fcrokratie              <\/h6>\n            \n                          <div class=\"advantages-block__item-text\">\n                <p>Unabh\u00e4ngig und effizient: Wir reagieren schnell auf attraktive Gelegenheiten \u2013 mit klarem Fokus und fundierter Pr\u00fcfung.<\/p>\n              <\/div>\n                      <\/div>\n                  <div class=\"advantages-block__item scroll-fade-up\">\n                          <div class=\"advantages-block__icon\">\n                <img decoding=\"async\" src=\"https:\/\/silvermereag.com\/de\/wp-content\/uploads\/sites\/2\/2025\/11\/money-flow.svg\" class=\"attachment-full size-full\" alt=\"\" \/>              <\/div>\n            \n                          <h6 class=\"advantages-block__item-title\">\n                Integrated Invest. Expertise              <\/h6>\n            \n                          <div class=\"advantages-block__item-text\">\n                <p>Von der Akquisition und Entwicklung bis hin zur Verm\u00f6gensverwaltung und Vermietung bietet Silvermere umfassende Immobilienl\u00f6sungen, bei dem Sie von einem erfahrenen Team unterst\u00fctzt werden.<\/p>\n              <\/div>\n                      <\/div>\n              <\/div>\n      <\/div>\n<\/section>\n\n\n\n<div style=\"--spacer-height: 48px;\" class=\"wp-block-silvermere-custom-spacer wp-block-silvermere-custom-spacer\" aria-hidden=\"true\"><\/div>\n\n<\/div>\n\n\n\n<div class=\"wp-block-group is-layout-constrained wp-container-core-group-is-layout-3d1eaa83 wp-block-group-is-layout-constrained\" style=\"padding-right:var(--wp--preset--spacing--50);padding-left:var(--wp--preset--spacing--50)\">\n<h2 class=\"wp-block-heading has-text-align-center animate-fade-in scroll-fade-up\" style=\"margin-bottom:var(--wp--preset--spacing--60)\">Kurze Videopr\u00e4sentation<\/h2>\n\n\n\n<figure class=\"wp-block-video animate-fade-in scroll-fade-up\"><video height=\"1080\" style=\"aspect-ratio: 1920 \/ 1080;\" width=\"1920\" autoplay controls loop muted src=\"https:\/\/silvermereag.com\/de\/wp-content\/uploads\/sites\/2\/2025\/12\/IMG_6423-1.mp4\"><\/video><\/figure>\n<\/div>\n\n\n\n<div style=\"height:100px\" aria-hidden=\"true\" class=\"wp-block-spacer\"><\/div>\n\n\n\n<div class=\"wp-block-cover alignfull has-custom-content-position is-position-bottom-center image-zoom-effect scroll-fade-in\" style=\"margin-top:0;margin-bottom:0;padding-top:var(--wp--preset--spacing--110);padding-right:var(--wp--preset--spacing--50);padding-bottom:var(--wp--preset--spacing--110);padding-left:var(--wp--preset--spacing--50)\"><img loading=\"lazy\" decoding=\"async\" width=\"1024\" height=\"391\" class=\"wp-block-cover__image-background wp-image-1857 size-large\" alt=\"Zwei Gesch\u00e4ftsleute geben sich die Hand, um eine Partnerschaftsvereinbarung zu besiegeln.\" src=\"https:\/\/silvermereag.com\/de\/wp-content\/uploads\/sites\/2\/2025\/12\/work-together-1024x391.jpg\" data-object-fit=\"cover\" srcset=\"https:\/\/silvermereag.com\/de\/wp-content\/uploads\/sites\/2\/2025\/12\/work-together-1024x391.jpg 1024w, https:\/\/silvermereag.com\/de\/wp-content\/uploads\/sites\/2\/2025\/12\/work-together-300x115.jpg 300w, https:\/\/silvermereag.com\/de\/wp-content\/uploads\/sites\/2\/2025\/12\/work-together-768x293.jpg 768w, https:\/\/silvermereag.com\/de\/wp-content\/uploads\/sites\/2\/2025\/12\/work-together.jpg 1440w\" sizes=\"auto, (max-width: 1024px) 100vw, 1024px\" \/><span aria-hidden=\"true\" class=\"wp-block-cover__background has-background-dim-20 has-background-dim\"><\/span><div class=\"wp-block-cover__inner-container is-layout-constrained wp-container-core-cover-is-layout-61535d29 wp-block-cover-is-layout-constrained\">\n<h2 class=\"wp-block-heading animate-fade-in scroll-fade-up\" style=\"margin-bottom:var(--wp--preset--spacing--40)\">Gemeinsam mehr erreichen<br>\u2013 mit Silvermere<\/h2>\n\n\n\n<div class=\"wp-block-group is-content-justification-left is-layout-constrained wp-container-core-group-is-layout-d5209ea4 wp-block-group-is-layout-constrained\">\n<p class=\"animate-fade-in has-white-color has-text-color has-link-color scroll-fade-up wp-elements-966c5b062f4b6361477d79d855793d1b\" style=\"margin-top:0;margin-bottom:var(--wp--preset--spacing--60)\">Silvermere ist Ihre verl\u00e4ssliche Schweizer Investmentfirma, die mit klarem Blick, starken Netzwerken und solider Strategie Immobilien in ganz Europa neu denkt \u2013 f\u00fcr langfristigen Erfolg und echten Mehrwert.<\/p>\n\n\n\n<div class=\"wp-block-buttons is-layout-flex wp-block-buttons-is-layout-flex\">\n<div class=\"wp-block-button is-style-fill animate-fade-in scroll-fade-up is-style-fill--2\"><a class=\"wp-block-button__link wp-element-button\" href=\"https:\/\/silvermereag.com\/de\/kontakt\/\">Kontaktieren Sie uns<\/a><\/div>\n<\/div>\n<\/div>\n<\/div><\/div>\n","protected":false},"excerpt":{"rendered":"<p>Ihr Vertrauen, unsere Verantwortung. Die Silvermere AG ist ein unabh\u00e4ngiges Schweizer Unternehmen mit Fokus auf ausgew\u00e4hlte Immobilieninvestitionen im europ\u00e4ischen Markt.Unser Anspruch ist es, au\u00dfergew\u00f6hnliche Immobilienchancen zu erkennen, die langfristigen Wert schaffen \u2013 f\u00fcr Investoren, die auf Performance setzen, und f\u00fcr Mieter, die Stabilit\u00e4t und Vertrauen suchen. Unsere Arbeit basiert auf Transparenz, Integrit\u00e4t und einer klaren, [&hellip;]<\/p>\n","protected":false},"author":1,"featured_media":0,"parent":0,"menu_order":0,"comment_status":"closed","ping_status":"closed","template":"page-templates\/template-clean.php","meta":{"footnotes":""},"class_list":["post-95","page","type-page","status-publish","hentry"],"_links":{"self":[{"href":"https:\/\/silvermereag.com\/de\/wp-json\/wp\/v2\/pages\/95","targetHints":{"allow":["GET"]}}],"collection":[{"href":"https:\/\/silvermereag.com\/de\/wp-json\/wp\/v2\/pages"}],"about":[{"href":"https:\/\/silvermereag.com\/de\/wp-json\/wp\/v2\/types\/page"}],"author":[{"embeddable":true,"href":"https:\/\/silvermereag.com\/de\/wp-json\/wp\/v2\/users\/1"}],"replies":[{"embeddable":true,"href":"https:\/\/silvermereag.com\/de\/wp-json\/wp\/v2\/comments?post=95"}],"version-history":[{"count":215,"href":"https:\/\/silvermereag.com\/de\/wp-json\/wp\/v2\/pages\/95\/revisions"}],"predecessor-version":[{"id":1933,"href":"https:\/\/silvermereag.com\/de\/wp-json\/wp\/v2\/pages\/95\/revisions\/1933"}],"wp:attachment":[{"href":"https:\/\/silvermereag.com\/de\/wp-json\/wp\/v2\/media?parent=95"}],"curies":[{"name":"wp","href":"https:\/\/api.w.org\/{rel}","templated":true}]}}