{"id":538,"date":"2025-11-09T17:43:31","date_gmt":"2025-11-09T17:43:31","guid":{"rendered":"https:\/\/silvermereag.online\/de\/?page_id=538"},"modified":"2025-12-23T12:34:59","modified_gmt":"2025-12-23T12:34:59","slug":"kontakt","status":"publish","type":"page","link":"https:\/\/silvermereag.com\/de\/kontakt\/","title":{"rendered":"Kontakt"},"content":{"rendered":"\n<div class=\"wp-block-cover alignfull has-custom-content-position is-position-bottom-center image-zoom-effect scroll-fade-in\" style=\"margin-top:0;margin-bottom:0;padding-top:120px;padding-right:1.5rem;padding-bottom:120px;padding-left:1.5rem;min-height:500px;aspect-ratio:unset;\"><img loading=\"lazy\" decoding=\"async\" width=\"1024\" height=\"356\" class=\"wp-block-cover__image-background wp-image-1865 size-large\" alt=\"Schweizer Berggipfel mit gr\u00fcnen W\u00e4ldern am Fu\u00dfe und klarem blauen Himmel, der Verbindung und Erreichbarkeit repr\u00e4sentiert\" src=\"https:\/\/silvermereag.com\/de\/wp-content\/uploads\/sites\/2\/2025\/12\/Contact-hero-1024x356.jpg\" data-object-fit=\"cover\" srcset=\"https:\/\/silvermereag.com\/de\/wp-content\/uploads\/sites\/2\/2025\/12\/Contact-hero-1024x356.jpg 1024w, https:\/\/silvermereag.com\/de\/wp-content\/uploads\/sites\/2\/2025\/12\/Contact-hero-300x104.jpg 300w, https:\/\/silvermereag.com\/de\/wp-content\/uploads\/sites\/2\/2025\/12\/Contact-hero-768x267.jpg 768w, https:\/\/silvermereag.com\/de\/wp-content\/uploads\/sites\/2\/2025\/12\/Contact-hero-1536x533.jpg 1536w, https:\/\/silvermereag.com\/de\/wp-content\/uploads\/sites\/2\/2025\/12\/Contact-hero-2048x711.jpg 2048w\" sizes=\"auto, (max-width: 1024px) 100vw, 1024px\" \/><span aria-hidden=\"true\" class=\"wp-block-cover__background has-background-dim-0 has-background-dim\"><\/span><div class=\"wp-block-cover__inner-container is-layout-constrained wp-container-core-cover-is-layout-ec6cbc81 wp-block-cover-is-layout-constrained\">\n<h1 class=\"wp-block-heading animate-fade-in scroll-fade-up\">Gemeinsam neue<br>Chancen entdecken<\/h1>\n<\/div><\/div>\n\n\n\n<div style=\"--spacer-height: 68px;\" class=\"wp-block-silvermere-custom-spacer is-responsive wp-block-silvermere-custom-spacer\" aria-hidden=\"true\"><\/div>\n\n\n\n\n<div class=\"wp-block-group is-layout-constrained wp-container-core-group-is-layout-d9133967 wp-block-group-is-layout-constrained\">\n<section class=\"location-map-block wp-block-silvermere-location-map\" id=\"location-map-69e9941a24dda\" data-latitude=\"47.3679072\" data-longitude=\"8.4624469\" data-zoom=\"15\">\n    \n    <div class=\"location-map-block__container\">\n        <div class=\"location-map-block__content scroll-fade-up\">\n            <div class=\"location-map-block__info\">\n                                    <h2 class=\"location-map-block__title\">Z\u00fcrich:<\/h2>\n                \n                \n                                    <div class=\"location-map-block__location\">\n                                                    <p>Z\u00fcrich<\/p>\n                                                    <p>Leuengasse 3<\/p>\n                                                    <p>8142 Uitikon Waldegg<\/p>\n                                            <\/div>\n                \n                                    <p class=\"location-map-block__email\">\n                        E-Mail:                        <a href=\"mailto:info@silvermere.com\">\n                            info@silvermere.com                        <\/a>\n                    <\/p>\n                            <\/div>\n\n            <div class=\"location-map-block__map-wrapper\">\n                                    <div\n                        id=\"map-location-map-69e9941a24dda\"\n                        class=\"location-map-block__map\"\n                        style=\"width: 700px; height: 350px; max-width: 100%;\"\n                        data-latitude=\"47.3679072\"\n                        data-longitude=\"8.4624469\"\n                        data-zoom=\"15\"\n                    ><\/div>\n\n                                            <script>\n                        (function() {\n                            \/\/ Define global init function if it doesn't exist\n                            if (typeof window.silvermereInitLocationMap === 'undefined') {\n                                window.silvermereInitLocationMap = function(mapElement) {\n                                    var mapId = mapElement.id;\n\n                                    \/\/ Initialize maps object if it doesn't exist\n                                    if (typeof window.silvermereLocationMaps === 'undefined') {\n                                        window.silvermereLocationMaps = {};\n                                    }\n\n                                    \/\/ Check if this map is already initialized\n                                    if (window.silvermereLocationMaps[mapId]) {\n                                        return; \/\/ Already initialized\n                                    }\n\n                                    var lat = parseFloat(mapElement.getAttribute('data-latitude'));\n                                    var lng = parseFloat(mapElement.getAttribute('data-longitude'));\n                                    var zoom = parseInt(mapElement.getAttribute('data-zoom')) || 15;\n\n                                    var map = new google.maps.Map(mapElement, {\n                                        center: { lat: lat, lng: lng },\n                                        zoom: zoom,\n                                        mapTypeId: 'roadmap',\n                                        mapTypeControl: false,\n                                        streetViewControl: true,\n                                        fullscreenControl: true,\n                                        zoomControl: true,\n                                        draggable: true,\n                                        scrollwheel: true,\n                                        disableDoubleClickZoom: false,\n                                        gestureHandling: 'auto'\n                                    });\n\n                                    var marker = new google.maps.Marker({\n                                        position: { lat: lat, lng: lng },\n                                        map: map,\n                                        draggable: false\n                                    });\n\n                                    \/\/ Optional: Add info window if title is provided\n                                                                        var infoContent = '<div style=\"padding: 8px; min-width: 200px;\">';\n                                                                        infoContent += '<strong style=\"display: block; margin-bottom: 4px;\">Z\u00fcrich:<\/strong>';\n                                                                                                            infoContent += '<div style=\"margin-top: 4px;\">Z\u00fcrich&lt;br&gt;Leuengasse 3&lt;br&gt;8142 Uitikon Waldegg<\/div>';\n                                                                        infoContent += '<\/div>';\n\n                                    var infoWindow = new google.maps.InfoWindow({\n                                        content: infoContent\n                                    });\n\n                                    marker.addListener('click', function() {\n                                        infoWindow.open(map, marker);\n                                    });\n                                    \n                                    \/\/ Mark as initialized\n                                    window.silvermereLocationMaps[mapId] = {\n                                        map: map,\n                                        marker: marker\n                                    };\n                                };\n                            }\n\n                            var mapId = 'map-location-map-69e9941a24dda';\n                            var mapElement = document.getElementById(mapId);\n                            if (!mapElement) return;\n\n                            \/\/ Initialize maps object if it doesn't exist\n                            if (typeof window.silvermereLocationMaps === 'undefined') {\n                                window.silvermereLocationMaps = {};\n                            }\n\n                            \/\/ Check if this map is already initialized\n                            if (window.silvermereLocationMaps[mapId]) {\n                                return; \/\/ Already initialized\n                            }\n\n                            \/\/ Load Google Maps script if not already loaded\n                            if (typeof window.google === 'undefined' || typeof window.google.maps === 'undefined') {\n                                \/\/ Use a global callback that initializes all pending maps\n                                window.silvermereMapsInitQueue = window.silvermereMapsInitQueue || [];\n                                window.silvermereMapsInitQueue.push(mapId);\n\n                                if (!window.silvermereMapsScriptLoading) {\n                                    window.silvermereMapsScriptLoading = true;\n                                    var script = document.createElement('script');\n                                    script.src = 'https:\/\/maps.googleapis.com\/maps\/api\/js?key=AIzaSyBaBmyKezg2F5tYJ9e5cEwNMVPXSl7spTE&libraries=places&callback=silvermereInitAllLocationMaps';\n                                    script.async = true;\n                                    script.defer = true;\n                                    window.silvermereInitAllLocationMaps = function() {\n                                        if (window.silvermereMapsInitQueue) {\n                                            window.silvermereMapsInitQueue.forEach(function(id) {\n                                                var el = document.getElementById(id);\n                                                if (el && window.silvermereInitLocationMap) {\n                                                    window.silvermereInitLocationMap(el);\n                                                }\n                                            });\n                                        }\n                                    };\n                                    document.head.appendChild(script);\n                                }\n                            } else {\n                                \/\/ Maps already loaded, initialize immediately\n                                window.silvermereInitLocationMap(mapElement);\n                            }\n                        })();\n                        <\/script>\n                                                <\/div>\n        <\/div>\n    <\/div>\n<\/section>\n\n\n\n<section class=\"location-map-block wp-block-silvermere-location-map\" id=\"location-map-69e9941a24ef2\" data-latitude=\"46.2821786\" data-longitude=\"7.5110322\" data-zoom=\"15\">\n    \n    <div class=\"location-map-block__container\">\n        <div class=\"location-map-block__content scroll-fade-up\">\n            <div class=\"location-map-block__info\">\n                                    <h2 class=\"location-map-block__title\">Sierre<\/h2>\n                \n                                    <p class=\"location-map-block__subtitle\">Centre Manor:<\/p>\n                \n                                    <div class=\"location-map-block__location\">\n                                                    <p>Sierre<\/p>\n                                                    <p>Rue de Plantassage 24<\/p>\n                                                    <p>3960\u200b<\/p>\n                                            <\/div>\n                \n                                    <p class=\"location-map-block__email\">\n                        E-Mail:                        <a href=\"mailto:info@silvermere.com\">\n                            info@silvermere.com                        <\/a>\n                    <\/p>\n                            <\/div>\n\n            <div class=\"location-map-block__map-wrapper\">\n                                    <div\n                        id=\"map-location-map-69e9941a24ef2\"\n                        class=\"location-map-block__map\"\n                        style=\"width: 700px; height: 350px; max-width: 100%;\"\n                        data-latitude=\"46.2821786\"\n                        data-longitude=\"7.5110322\"\n                        data-zoom=\"15\"\n                    ><\/div>\n\n                                            <script>\n                        (function() {\n                            \/\/ Define global init function if it doesn't exist\n                            if (typeof window.silvermereInitLocationMap === 'undefined') {\n                                window.silvermereInitLocationMap = function(mapElement) {\n                                    var mapId = mapElement.id;\n\n                                    \/\/ Initialize maps object if it doesn't exist\n                                    if (typeof window.silvermereLocationMaps === 'undefined') {\n                                        window.silvermereLocationMaps = {};\n                                    }\n\n                                    \/\/ Check if this map is already initialized\n                                    if (window.silvermereLocationMaps[mapId]) {\n                                        return; \/\/ Already initialized\n                                    }\n\n                                    var lat = parseFloat(mapElement.getAttribute('data-latitude'));\n                                    var lng = parseFloat(mapElement.getAttribute('data-longitude'));\n                                    var zoom = parseInt(mapElement.getAttribute('data-zoom')) || 15;\n\n                                    var map = new google.maps.Map(mapElement, {\n                                        center: { lat: lat, lng: lng },\n                                        zoom: zoom,\n                                        mapTypeId: 'roadmap',\n                                        mapTypeControl: false,\n                                        streetViewControl: true,\n                                        fullscreenControl: true,\n                                        zoomControl: true,\n                                        draggable: true,\n                                        scrollwheel: true,\n                                        disableDoubleClickZoom: false,\n                                        gestureHandling: 'auto'\n                                    });\n\n                                    var marker = new google.maps.Marker({\n                                        position: { lat: lat, lng: lng },\n                                        map: map,\n                                        draggable: false\n                                    });\n\n                                    \/\/ Optional: Add info window if title is provided\n                                                                        var infoContent = '<div style=\"padding: 8px; min-width: 200px;\">';\n                                                                        infoContent += '<strong style=\"display: block; margin-bottom: 4px;\">Sierre<\/strong>';\n                                                                                                            infoContent += '<div style=\"margin-top: 4px;\">Sierre&lt;br&gt;Rue de Plantassage 24&lt;br&gt;3960\u200b<\/div>';\n                                                                        infoContent += '<\/div>';\n\n                                    var infoWindow = new google.maps.InfoWindow({\n                                        content: infoContent\n                                    });\n\n                                    marker.addListener('click', function() {\n                                        infoWindow.open(map, marker);\n                                    });\n                                    \n                                    \/\/ Mark as initialized\n                                    window.silvermereLocationMaps[mapId] = {\n                                        map: map,\n                                        marker: marker\n                                    };\n                                };\n                            }\n\n                            var mapId = 'map-location-map-69e9941a24ef2';\n                            var mapElement = document.getElementById(mapId);\n                            if (!mapElement) return;\n\n                            \/\/ Initialize maps object if it doesn't exist\n                            if (typeof window.silvermereLocationMaps === 'undefined') {\n                                window.silvermereLocationMaps = {};\n                            }\n\n                            \/\/ Check if this map is already initialized\n                            if (window.silvermereLocationMaps[mapId]) {\n                                return; \/\/ Already initialized\n                            }\n\n                            \/\/ Load Google Maps script if not already loaded\n                            if (typeof window.google === 'undefined' || typeof window.google.maps === 'undefined') {\n                                \/\/ Use a global callback that initializes all pending maps\n                                window.silvermereMapsInitQueue = window.silvermereMapsInitQueue || [];\n                                window.silvermereMapsInitQueue.push(mapId);\n\n                                if (!window.silvermereMapsScriptLoading) {\n                                    window.silvermereMapsScriptLoading = true;\n                                    var script = document.createElement('script');\n                                    script.src = 'https:\/\/maps.googleapis.com\/maps\/api\/js?key=AIzaSyBaBmyKezg2F5tYJ9e5cEwNMVPXSl7spTE&libraries=places&callback=silvermereInitAllLocationMaps';\n                                    script.async = true;\n                                    script.defer = true;\n                                    window.silvermereInitAllLocationMaps = function() {\n                                        if (window.silvermereMapsInitQueue) {\n                                            window.silvermereMapsInitQueue.forEach(function(id) {\n                                                var el = document.getElementById(id);\n                                                if (el && window.silvermereInitLocationMap) {\n                                                    window.silvermereInitLocationMap(el);\n                                                }\n                                            });\n                                        }\n                                    };\n                                    document.head.appendChild(script);\n                                }\n                            } else {\n                                \/\/ Maps already loaded, initialize immediately\n                                window.silvermereInitLocationMap(mapElement);\n                            }\n                        })();\n                        <\/script>\n                                                <\/div>\n        <\/div>\n    <\/div>\n<\/section>\n<\/div>\n\n\n\n<div style=\"--spacer-height: 68px;\" class=\"wp-block-silvermere-custom-spacer is-responsive wp-block-silvermere-custom-spacer\" aria-hidden=\"true\"><\/div>\n\n\n\n\n<div class=\"wp-block-cover alignfull is-light image-zoom-effect scroll-fade-in\" style=\"padding-top:125px;padding-right:var(--wp--preset--spacing--50);padding-bottom:125px;padding-left:var(--wp--preset--spacing--50)\"><img loading=\"lazy\" decoding=\"async\" width=\"2160\" height=\"702\" class=\"wp-block-cover__image-background wp-image-1867 size-full\" alt=\"Professioneller Berater, der Strategie auf Papieren mit Stift plant, der personalisierten Service und sorgf\u00e4ltige Planung repr\u00e4sentiert\" src=\"https:\/\/silvermereag.com\/de\/wp-content\/uploads\/sites\/2\/2025\/12\/Contacy-Start-Journey.jpg\" data-object-fit=\"cover\" srcset=\"https:\/\/silvermereag.com\/de\/wp-content\/uploads\/sites\/2\/2025\/12\/Contacy-Start-Journey.jpg 2160w, https:\/\/silvermereag.com\/de\/wp-content\/uploads\/sites\/2\/2025\/12\/Contacy-Start-Journey-300x98.jpg 300w, https:\/\/silvermereag.com\/de\/wp-content\/uploads\/sites\/2\/2025\/12\/Contacy-Start-Journey-1024x333.jpg 1024w, https:\/\/silvermereag.com\/de\/wp-content\/uploads\/sites\/2\/2025\/12\/Contacy-Start-Journey-768x250.jpg 768w, https:\/\/silvermereag.com\/de\/wp-content\/uploads\/sites\/2\/2025\/12\/Contacy-Start-Journey-1536x499.jpg 1536w, https:\/\/silvermereag.com\/de\/wp-content\/uploads\/sites\/2\/2025\/12\/Contacy-Start-Journey-2048x666.jpg 2048w\" sizes=\"auto, (max-width: 2160px) 100vw, 2160px\" \/><span aria-hidden=\"true\" class=\"wp-block-cover__background has-background-dim-0 has-background-dim\" style=\"background-color:#9cadc2\"><\/span><div class=\"wp-block-cover__inner-container is-layout-constrained wp-container-core-cover-is-layout-68a151bc wp-block-cover-is-layout-constrained\">\n<h2 class=\"wp-block-heading animate-fade-in scroll-fade-up\">Beginnen Sie Ihre Immobilienreise mit Silvermere<br>\u2013 lassen Sie uns ins Gespr\u00e4ch kommen.<\/h2>\n\n\n\n<div class=\"wp-block-group is-content-justification-left is-layout-constrained wp-container-core-group-is-layout-920cfde2 wp-block-group-is-layout-constrained\">\n<p class=\"animate-fade-in scroll-fade-up\">Wir freuen uns darauf, von Ihnen zu h\u00f6ren. Ob Sie auf der Suche nach Investitionsm\u00f6glichkeiten sind oder eine Partnerschaft mit einem vertrauensw\u00fcrdigen Immobilienunternehmen eingehen m\u00f6chten \u2013 das Team der Silvermere AG ist f\u00fcr Sie da. Melden Sie sich noch heute \u2013 und lassen Sie uns gemeinsam etwas Besonderes schaffen.<\/p>\n<\/div>\n<\/div><\/div>\n\n\n\n<div class=\"wp-block-group alignfull has-white-background-color has-background is-layout-constrained wp-container-core-group-is-layout-863b4cdc wp-block-group-is-layout-constrained\" style=\"margin-top:0;margin-bottom:0;padding-top:112px;padding-right:var(--wp--preset--spacing--50);padding-bottom:112px;padding-left:var(--wp--preset--spacing--50)\">\n<h2 class=\"wp-block-heading animate-fade-in has-text-color has-link-color scroll-fade-up wp-elements-1578113ddae38f1319877fc9dc94f227\" style=\"color:#111111\">Wir freuen uns auf Ihre Nachricht <br>&#8211; melden Sie sich bei uns<\/h2>\n\n\n\n<p class=\"animate-fade-in has-text-color has-link-color has-h-6-font-size scroll-fade-up wp-elements-615b9fc562990464b088b1f92c974d26\" style=\"color:#111111\">Setzen Sie sich mit unserem Team in Verbindung, um zu erfahren, wie wir zusammenarbeiten k\u00f6nnen.<\/p>\n\n\n\n<div class=\"wp-block-contact-form-7-contact-form-selector scroll-fade-up\">\n<div class=\"wpcf7 no-js\" id=\"wpcf7-f1717-o1\" lang=\"de-DE\" dir=\"ltr\" data-wpcf7-id=\"1717\">\n<div class=\"screen-reader-response\"><p role=\"status\" aria-live=\"polite\" aria-atomic=\"true\"><\/p> <ul><\/ul><\/div>\n<form action=\"\/de\/wp-json\/wp\/v2\/pages\/538#wpcf7-f1717-o1\" method=\"post\" class=\"wpcf7-form init\" aria-label=\"Contact form\" novalidate=\"novalidate\" data-status=\"init\">\n<fieldset class=\"hidden-fields-container\"><input type=\"hidden\" name=\"_wpcf7\" value=\"1717\" \/><input type=\"hidden\" name=\"_wpcf7_version\" value=\"6.1.5\" \/><input type=\"hidden\" name=\"_wpcf7_locale\" value=\"de_DE\" \/><input type=\"hidden\" name=\"_wpcf7_unit_tag\" value=\"wpcf7-f1717-o1\" \/><input type=\"hidden\" name=\"_wpcf7_container_post\" value=\"0\" \/><input type=\"hidden\" name=\"_wpcf7_posted_data_hash\" value=\"\" \/>\n<\/fieldset>\n<p><label> Name <span class=\"required\">*<\/span><br \/>\n<span class=\"wpcf7-form-control-wrap\" data-name=\"your-name\"><input size=\"40\" maxlength=\"256\" minlength=\"1\" class=\"wpcf7-form-control wpcf7-text wpcf7-validates-as-required\" autocomplete=\"name\" aria-required=\"true\" aria-invalid=\"false\" placeholder=\"Ihr Name\" value=\"\" type=\"text\" name=\"your-name\" \/><\/span> <\/label>\n<\/p>\n<p><label> E-Mail <span class=\"required\">*<\/span><br \/>\n<span class=\"wpcf7-form-control-wrap\" data-name=\"your-email\"><input size=\"40\" maxlength=\"400\" class=\"wpcf7-form-control wpcf7-email wpcf7-validates-as-required wpcf7-text wpcf7-validates-as-email\" autocomplete=\"email\" aria-required=\"true\" aria-invalid=\"false\" placeholder=\"E-mail\" value=\"\" type=\"email\" name=\"your-email\" \/><\/span> <\/label>\n<\/p>\n<p><label> Telefon<br \/>\n<span class=\"wpcf7-form-control-wrap\" data-name=\"your-phone\"><input size=\"40\" maxlength=\"400\" class=\"wpcf7-form-control wpcf7-tel wpcf7-text wpcf7-validates-as-tel\" aria-invalid=\"false\" placeholder=\"Ihre Telefonnummer\" value=\"\" type=\"tel\" name=\"your-phone\" \/><\/span> <\/label>\n<\/p>\n<p><label> Ihre Nachricht <span class=\"required\">*<\/span><br \/>\n<span class=\"wpcf7-form-control-wrap\" data-name=\"your-message\"><textarea cols=\"40\" rows=\"4\" maxlength=\"256\" minlength=\"1\" class=\"wpcf7-form-control wpcf7-textarea wpcf7-validates-as-required\" aria-required=\"true\" aria-invalid=\"false\" placeholder=\"Hier k\u00f6nnen Sie Ihre Anfrage angeben.\" name=\"your-message\"><\/textarea><\/span> <\/label>\n<\/p>\n<p><span class=\"wpcf7-form-control-wrap\" data-name=\"acceptance-738\"><span class=\"wpcf7-form-control wpcf7-acceptance\"><span class=\"wpcf7-list-item\"><label><input type=\"checkbox\" name=\"acceptance-738\" value=\"1\" aria-invalid=\"false\" \/><span class=\"wpcf7-list-item-label\">Ich stimme der Datenverarbeitung zu.<\/span><\/label><\/span><\/span><\/span>\n<\/p>\n<p><input class=\"wpcf7-form-control wpcf7-submit has-spinner button\" type=\"submit\" value=\"Nachricht senden\" \/>\n<\/p><div class=\"wpcf7-response-output\" aria-hidden=\"true\"><\/div>\n<\/form>\n<\/div>\n<\/div>\n<\/div>\n","protected":false},"excerpt":{"rendered":"<p>Wir freuen uns auf Ihre Nachricht &#8211; melden Sie sich bei uns Setzen Sie sich mit unserem Team in Verbindung, um zu erfahren, wie wir zusammenarbeiten k\u00f6nnen.<\/p>\n","protected":false},"author":1,"featured_media":0,"parent":0,"menu_order":0,"comment_status":"closed","ping_status":"closed","template":"page-templates\/template-clean.php","meta":{"footnotes":""},"class_list":["post-538","page","type-page","status-publish","hentry"],"_links":{"self":[{"href":"https:\/\/silvermereag.com\/de\/wp-json\/wp\/v2\/pages\/538","targetHints":{"allow":["GET"]}}],"collection":[{"href":"https:\/\/silvermereag.com\/de\/wp-json\/wp\/v2\/pages"}],"about":[{"href":"https:\/\/silvermereag.com\/de\/wp-json\/wp\/v2\/types\/page"}],"author":[{"embeddable":true,"href":"https:\/\/silvermereag.com\/de\/wp-json\/wp\/v2\/users\/1"}],"replies":[{"embeddable":true,"href":"https:\/\/silvermereag.com\/de\/wp-json\/wp\/v2\/comments?post=538"}],"version-history":[{"count":77,"href":"https:\/\/silvermereag.com\/de\/wp-json\/wp\/v2\/pages\/538\/revisions"}],"predecessor-version":[{"id":1868,"href":"https:\/\/silvermereag.com\/de\/wp-json\/wp\/v2\/pages\/538\/revisions\/1868"}],"wp:attachment":[{"href":"https:\/\/silvermereag.com\/de\/wp-json\/wp\/v2\/media?parent=538"}],"curies":[{"name":"wp","href":"https:\/\/api.w.org\/{rel}","templated":true}]}}